{"id":15,"date":"2021-06-22T17:46:18","date_gmt":"2021-06-22T17:46:18","guid":{"rendered":"http:\/\/congerpirat.de\/?page_id=15"},"modified":"2021-06-22T18:09:56","modified_gmt":"2021-06-22T18:09:56","slug":"meine-wenigkeit","status":"publish","type":"page","link":"https:\/\/congerpirat.de\/ab-hier-geht-es-los\/meine-wenigkeit\/","title":{"rendered":"Meine Wenigkeit"},"content":{"rendered":"\n<p style=\"font-size: 1px;\">Ich lese und schreibe schon immer.<\/p>\n\n\n\n<p>Ich lese und schreibe schon immer.  Nicht t\u00e4glich, aber oft. Vor allem Tagebuch. Aber manchmal versuche ich mich an etwas gr\u00f6\u00dferem. Gr\u00f6\u00dferem f\u00fcr mich. Und dann vergehen schon mal Jahre, ehe ich entscheide etwas beendet zu haben. Ich schreibe f\u00fcr mich, aber auch f\u00fcr meine Kinder. Vielleicht beantworten meine Texte sp\u00e4ter einmal, wenn ich nicht mehr da bin, die Fragen meiner Nachfahren.<\/p>\n\n\n\n<p>Ich bin Jahrgang 1966. Eine Ehe zu f\u00fchren ist mir nicht fremd, es ist nicht mein erster Versuch.<\/p>\n\n\n\n<p>Schreiben ist nicht mein Beruf. W\u00e4re er es, w\u00fcrde ich wohl verhungern.<\/p>\n","protected":false},"excerpt":{"rendered":"<p>Ich lese und schreibe schon immer. Ich lese und schreibe schon immer. Nicht t\u00e4glich, aber oft. Vor allem Tagebuch. Aber manchmal versuche ich mich an etwas gr\u00f6\u00dferem. Gr\u00f6\u00dferem f\u00fcr mich. Und dann vergehen schon mal Jahre, ehe ich entscheide etwas beendet zu haben. Ich schreibe f\u00fcr mich, aber auch f\u00fcr meine Kinder. Vielleicht beantworten meine [&hellip;]<\/p>\n","protected":false},"author":1,"featured_media":0,"parent":0,"menu_order":0,"comment_status":"closed","ping_status":"closed","template":"","meta":{"footnotes":""},"class_list":["post-15","page","type-page","status-publish","hentry"],"_links":{"self":[{"href":"https:\/\/congerpirat.de\/ab-hier-geht-es-los\/wp-json\/wp\/v2\/pages\/15","targetHints":{"allow":["GET"]}}],"collection":[{"href":"https:\/\/congerpirat.de\/ab-hier-geht-es-los\/wp-json\/wp\/v2\/pages"}],"about":[{"href":"https:\/\/congerpirat.de\/ab-hier-geht-es-los\/wp-json\/wp\/v2\/types\/page"}],"author":[{"embeddable":true,"href":"https:\/\/congerpirat.de\/ab-hier-geht-es-los\/wp-json\/wp\/v2\/users\/1"}],"replies":[{"embeddable":true,"href":"https:\/\/congerpirat.de\/ab-hier-geht-es-los\/wp-json\/wp\/v2\/comments?post=15"}],"version-history":[{"count":2,"href":"https:\/\/congerpirat.de\/ab-hier-geht-es-los\/wp-json\/wp\/v2\/pages\/15\/revisions"}],"predecessor-version":[{"id":30,"href":"https:\/\/congerpirat.de\/ab-hier-geht-es-los\/wp-json\/wp\/v2\/pages\/15\/revisions\/30"}],"wp:attachment":[{"href":"https:\/\/congerpirat.de\/ab-hier-geht-es-los\/wp-json\/wp\/v2\/media?parent=15"}],"curies":[{"name":"wp","href":"https:\/\/api.w.org\/{rel}","templated":true}]}}