{"id":17,"date":"2021-06-22T17:46:18","date_gmt":"2021-06-22T17:46:18","guid":{"rendered":"http:\/\/congerpirat.de\/?page_id=17"},"modified":"2023-01-25T08:50:54","modified_gmt":"2023-01-25T08:50:54","slug":"meine-wenigkeit-2","status":"publish","type":"page","link":"https:\/\/congerpirat.de\/ab-hier-geht-es-los\/meine-wenigkeit-2\/","title":{"rendered":"!!!STOP THE WAR!!!"},"content":{"rendered":"<p>Wer glaubt, mit Gewalt etwas erreichen zu k\u00f6nnen, irrt.\u00a0Sicher, Gewalt f\u00fchrt zu Ver\u00e4nderung. Aber diese Ver\u00e4nderung bringt nur andere gegen einen auf und macht einen selbst nicht gl\u00fccklich. Wer einmal Gewalt aus\u00fcbte lebt f\u00fcrderhin in Angst vor der Rache jener, denen Gewalt angetan wurde. Das kollektive Ged\u00e4chtnis vergisst nichts. Rache kann noch Generationen sp\u00e4ter ver\u00fcbt werden.<\/p>\n<p>Warum nur k\u00f6nnen die Menschen nicht in Frieden leben?<\/p>\n","protected":false},"excerpt":{"rendered":"<p>Wer glaubt, mit Gewalt etwas erreichen zu k\u00f6nnen, irrt.\u00a0Sicher, Gewalt f\u00fchrt zu Ver\u00e4nderung. Aber diese Ver\u00e4nderung bringt nur andere gegen einen auf und macht einen selbst nicht gl\u00fccklich. Wer einmal Gewalt aus\u00fcbte lebt f\u00fcrderhin in Angst vor der Rache jener, denen Gewalt angetan wurde. Das kollektive Ged\u00e4chtnis vergisst nichts. Rache kann noch Generationen sp\u00e4ter ver\u00fcbt [&hellip;]<\/p>\n","protected":false},"author":1,"featured_media":0,"parent":0,"menu_order":0,"comment_status":"closed","ping_status":"closed","template":"","meta":{"footnotes":""},"class_list":["post-17","page","type-page","status-publish","hentry"],"_links":{"self":[{"href":"https:\/\/congerpirat.de\/ab-hier-geht-es-los\/wp-json\/wp\/v2\/pages\/17","targetHints":{"allow":["GET"]}}],"collection":[{"href":"https:\/\/congerpirat.de\/ab-hier-geht-es-los\/wp-json\/wp\/v2\/pages"}],"about":[{"href":"https:\/\/congerpirat.de\/ab-hier-geht-es-los\/wp-json\/wp\/v2\/types\/page"}],"author":[{"embeddable":true,"href":"https:\/\/congerpirat.de\/ab-hier-geht-es-los\/wp-json\/wp\/v2\/users\/1"}],"replies":[{"embeddable":true,"href":"https:\/\/congerpirat.de\/ab-hier-geht-es-los\/wp-json\/wp\/v2\/comments?post=17"}],"version-history":[{"count":6,"href":"https:\/\/congerpirat.de\/ab-hier-geht-es-los\/wp-json\/wp\/v2\/pages\/17\/revisions"}],"predecessor-version":[{"id":164,"href":"https:\/\/congerpirat.de\/ab-hier-geht-es-los\/wp-json\/wp\/v2\/pages\/17\/revisions\/164"}],"wp:attachment":[{"href":"https:\/\/congerpirat.de\/ab-hier-geht-es-los\/wp-json\/wp\/v2\/media?parent=17"}],"curies":[{"name":"wp","href":"https:\/\/api.w.org\/{rel}","templated":true}]}}